{"id":29611,"date":"2023-11-28T11:08:11","date_gmt":"2023-11-28T10:08:11","guid":{"rendered":"https:\/\/sismiqueetsensuelle.com\/?post_type=product&#038;p=29611"},"modified":"2026-01-01T16:59:24","modified_gmt":"2026-01-01T15:59:24","slug":"mille-et-une-nuits","status":"publish","type":"product","link":"https:\/\/sismiqueetsensuelle.com\/en\/product\/mille-et-une-nuits\/","title":{"rendered":"One Thousand and One Nights"},"content":{"rendered":"<p>\u2013 pigment ink pens (Faber-Castell Pitt Artist Pen, Sakura Pigma Micron, Staedtler Pigment Liner, Uni Pin)<br \/>\n\u2013 Water-based and pigment-based paint markers (Posca)<br \/>\n\u2013 alcohol-based translucent ink markers (Winsor &amp; Newton ProMarker Brush)<br \/>\n32 x 24 cm<br \/>\nOlin natural white paper 300g<br \/>\nFour-color printing<\/p>","protected":false},"excerpt":{"rendered":"<p>drawing, woman, femininity, feminism, sensual, shoulders, navel, hips, throat, chest, breasts, nipples, lingerie, bodysuit, corset, night, sky, star, blue, ell, gold, <span data-sheets-root=\"1\" data-sheets-value=\"{&quot;1&quot;:2,&quot;2&quot;:&quot;dessin, femme, f\u00e9minit\u00e9, f\u00e9minisme, sensuel, \u00e9paules, nombril, hanches, gorge, poitrine, seins, t\u00e9tons, bijoux, d\u00e9esse, danse, vert, bleu, dor\u00e9&quot;}\" data-sheets-userformat=\"{&quot;2&quot;:4354,&quot;4&quot;:{&quot;1&quot;:2,&quot;2&quot;:16370588},&quot;11&quot;:0,&quot;15&quot;:&quot;Arial&quot;}\">seismicandsensual, seismicandsensual.com, seismic-and-sensual<\/span><\/p>","protected":false},"featured_media":29619,"template":"","meta":{"_acf_changed":false},"product_cat":[15],"product_tag":[],"giftcard-category":[],"class_list":{"0":"post-29611","1":"product","2":"type-product","3":"status-publish","4":"has-post-thumbnail","6":"product_brand-sismique-sensuelle","7":"product_cat-uncategorized","8":"pa_degres-sage","9":"pa_je-desire-aiguiser-la-curiosite","10":"pa_je-desire-decorer-une-piece-commune","11":"pa_je-desire-decorer-une-piece-intime","12":"pa_je-desire-faire-passer-un-message-subtil","13":"pa_je-reve-de-scene-bi","14":"pa_je-reve-de-scene-hetero","15":"pa_je-reve-de-scene-lesbienne","16":"pa_je-reve-de-scene-non-genre","17":"pa_je-reve-de-scene-trans","18":"pa_pratiques-la-feminite","19":"pa_techniques-dessin","20":"pa_types-reproduction-dune-oeuvre-originale","21":"pa_types-shop-reproduction-oeuvre-originale","22":"qodef-image--left","24":"first","25":"instock","26":"shipping-taxable","27":"purchasable","28":"product-type-simple","29":"add-to-wishlist-after_add_to_cart"},"acf":[],"_links":{"self":[{"href":"https:\/\/sismiqueetsensuelle.com\/en\/wp-json\/wp\/v2\/product\/29611","targetHints":{"allow":["GET"]}}],"collection":[{"href":"https:\/\/sismiqueetsensuelle.com\/en\/wp-json\/wp\/v2\/product"}],"about":[{"href":"https:\/\/sismiqueetsensuelle.com\/en\/wp-json\/wp\/v2\/types\/product"}],"wp:featuredmedia":[{"embeddable":true,"href":"https:\/\/sismiqueetsensuelle.com\/en\/wp-json\/wp\/v2\/media\/29619"}],"wp:attachment":[{"href":"https:\/\/sismiqueetsensuelle.com\/en\/wp-json\/wp\/v2\/media?parent=29611"}],"wp:term":[{"taxonomy":"product_cat","embeddable":true,"href":"https:\/\/sismiqueetsensuelle.com\/en\/wp-json\/wp\/v2\/product_cat?post=29611"},{"taxonomy":"product_tag","embeddable":true,"href":"https:\/\/sismiqueetsensuelle.com\/en\/wp-json\/wp\/v2\/product_tag?post=29611"},{"taxonomy":"giftcard-category","embeddable":true,"href":"https:\/\/sismiqueetsensuelle.com\/en\/wp-json\/wp\/v2\/giftcard-category?post=29611"}],"curies":[{"name":"wp","href":"https:\/\/api.w.org\/{rel}","templated":true}]}}