{"id":1473547,"date":"2025-03-13T15:15:21","date_gmt":"2025-03-13T14:15:21","guid":{"rendered":"https:\/\/sismiqueetsensuelle.com\/?post_type=product&#038;p=1473547"},"modified":"2026-01-01T16:59:17","modified_gmt":"2026-01-01T15:59:17","slug":"sur-mesure-la-beaute-delicate-du-collodion","status":"publish","type":"product","link":"https:\/\/sismiqueetsensuelle.com\/en\/product\/sur-mesure-la-beaute-delicate-du-collodion\/","title":{"rendered":"Tailor-made: the delicate beauty of collodion"},"content":{"rendered":"<p>Become a precious, rare, unique, and eternal photographic work of art! Yann Calvez offers you the sublime exception of Collodion printing.<\/p>\n<p>Collodion is a photographic technique using a metal plate, dating back to 1857.<\/p>\n<p>&nbsp;<\/p>\n<p><strong>The best part!<\/strong><\/p>\n<p>If you order several collodions, the unit price of a collodion decreases.<\/p>\n<p>Each collodion is unique, so consider inviting your friends to pose.<\/p>\n<p>&nbsp;<\/p>\n<p><strong>Whose?<\/strong><\/p>\n<p>Photo shoot:<\/p>\n<p>\u2665 of single people<\/p>\n<p>\u2665 of couples<\/p>\n<p>\u2665 of groups<\/p>\n<p>Suggested level of spice (degree of eroticism)<br \/>\n\u2013 1 chili pepper (sensual and wise: shapes, curves, suggestions of positions, artistic poses)<br \/>\n\u2013 2 chili peppers (exciting situations, suggestions of acts, visible body parts)<br \/>\n\u2013 3 chili peppers (explicit situations: sexual acts, penetrations)<br \/>\n\u2013 4 chili peppers (more specific and advanced practices)<\/p>\n<p>&nbsp;<\/p>\n<p><strong>Or ?<\/strong><\/p>\n<p>\u2665 The artist comes to you! Yann travels any distance. (Travel expenses are the responsibility of the client and are in addition to the displayed price.)<\/p>\n<p>\u2665 You can visit the Artist&#039;s studio in 16000 Angoul\u00eame, Charente, France. The Artist will advise you on local accommodation.<\/p>\n<p>\u2665 The artist travels to exhibitions or events announced by Sismique et Sensuelle<\/p>\n<p>&nbsp;<\/p>\n<p><strong>How does it work?<\/strong><\/p>\n<p>For this collodion photography session, we will determine your expectations, desires and limitations together over the phone.<\/p>\n<p>You can bring your own accessories or decorative elements of your choice.<\/p>\n<div>Allow time for your preparation, then:<\/div>\n<div>Allow 1 hour for installation for 4 panels measuring 10\u00d712 cm, 20\u00d725 cm or 30\u00d730 cm<\/div>\n<div>Allow 2 hours for removal of 8 panels measuring 10\u00d712 cm, 20\u00d725 cm or 30\u00d730 cm<\/div>\n<div><\/div>\n<div>\n<p>The collodion plates are presented on black aluminum at no extra cost.<\/p>\n<p>Yann suggests adding an American-style crate at the following prices:<\/p>\n<p>\u2665 \u20ac27 for 1 collodion print measuring 10 x 12 cm<\/p>\n<p>\u2665 \u20ac51 for 1 collodion print measuring 20 x 25 cm<\/p>\n<p>\u2665 \u20ac102 for one 30 x 30 cm collodion print<\/p>\n<\/div>\n<div><\/div>\n<p><strong>Deadline ?<\/strong><\/p>\n<p>Yann will send you the collodions 5 working days after the session (excluding postal delivery time).<\/p>\n<p>Your collodions will be sent to you with great care via Colissimo tracking.<\/p>\n<p>&nbsp;<\/p>\n<p><strong>When ?<\/strong><\/p>\n<p>Once your order is placed, Sismique et Sensuelle will contact you to arrange a date that suits you.<\/p>\n<p>&nbsp;<\/p>\n<p><strong>Note<\/strong><\/p>\n<p>The artist offers a unique work according to their inspiration and artistic identity; no claims, modifications, or refunds will be accepted once the work is completed.<\/p>","protected":false},"excerpt":{"rendered":"<p>women, naked, nude, breast, nipple, erect, lace, feminine, feminine, softness, sensual, sensual, hair, lock, shoulder, custom-made, collodion, we measure seismic and sensual seismicandsensual<\/p>","protected":false},"featured_media":516097,"template":"","meta":{"_acf_changed":false},"product_cat":[531,15],"product_tag":[],"giftcard-category":[],"class_list":{"0":"post-1473547","1":"product","2":"type-product","3":"status-publish","4":"has-post-thumbnail","6":"product_brand-sismique-sensuelle","7":"product_cat-sur-mesure","8":"product_cat-uncategorized","9":"pa_degres-sage","10":"pa_je-desire-aiguiser-la-curiosite","11":"pa_je-desire-decorer-une-piece-commune","12":"pa_je-desire-decorer-une-piece-intime","13":"pa_je-desire-faire-passer-un-message-subtil","14":"pa_je-desire-jouer","15":"pa_je-reve-de-scene-hetero","16":"pa_je-reve-de-scene-lesbienne","17":"pa_pratiques-erotique","18":"pa_pratiques-la-feminite","19":"pa_pratiques-pieds","20":"pa_pratiques-sensuel","21":"pa_techniques-photo-au-collodion","22":"pa_types-4-plaques-de-collodion-de-10-x-12-cm","23":"pa_types-4-plaques-de-collodion-de-20-x-25-cm","24":"pa_types-4-plaques-de-collodion-de-30-x-30-cm","25":"pa_types-8-plaques-de-collodion-de-10-x-12-cm","26":"pa_types-8-plaques-de-collodion-de-20-x-25-cm","27":"pa_types-8-plaques-de-collodion-de-30-x-30-cm","28":"qodef-image--left","30":"first","31":"instock","32":"shipping-taxable","33":"purchasable","34":"product-type-variable","35":"has-default-attributes","36":"add-to-wishlist-after_add_to_cart"},"acf":[],"_links":{"self":[{"href":"https:\/\/sismiqueetsensuelle.com\/en\/wp-json\/wp\/v2\/product\/1473547","targetHints":{"allow":["GET"]}}],"collection":[{"href":"https:\/\/sismiqueetsensuelle.com\/en\/wp-json\/wp\/v2\/product"}],"about":[{"href":"https:\/\/sismiqueetsensuelle.com\/en\/wp-json\/wp\/v2\/types\/product"}],"wp:featuredmedia":[{"embeddable":true,"href":"https:\/\/sismiqueetsensuelle.com\/en\/wp-json\/wp\/v2\/media\/516097"}],"wp:attachment":[{"href":"https:\/\/sismiqueetsensuelle.com\/en\/wp-json\/wp\/v2\/media?parent=1473547"}],"wp:term":[{"taxonomy":"product_cat","embeddable":true,"href":"https:\/\/sismiqueetsensuelle.com\/en\/wp-json\/wp\/v2\/product_cat?post=1473547"},{"taxonomy":"product_tag","embeddable":true,"href":"https:\/\/sismiqueetsensuelle.com\/en\/wp-json\/wp\/v2\/product_tag?post=1473547"},{"taxonomy":"giftcard-category","embeddable":true,"href":"https:\/\/sismiqueetsensuelle.com\/en\/wp-json\/wp\/v2\/giftcard-category?post=1473547"}],"curies":[{"name":"wp","href":"https:\/\/api.w.org\/{rel}","templated":true}]}}